{"id":365,"date":"2025-10-27T20:16:05","date_gmt":"2025-10-27T20:16:05","guid":{"rendered":"https:\/\/rckstr.ca\/?post_type=product&#038;p=365"},"modified":"2026-03-03T19:05:17","modified_gmt":"2026-03-03T19:05:17","slug":"rckstr-styling-balm","status":"publish","type":"product","link":"https:\/\/rckstr.ca\/index.php\/product\/rckstr-styling-balm\/","title":{"rendered":"RCKSTR Styling Balm"},"content":{"rendered":"<style type=\"text\/css\"><!-- @page { margin: 2cm } P { margin-bottom: 0.21cm } --><\/style>\n<p><span style=\"color: #808080;\"><span style=\"font-family: Calibri, sans-serif;\"><span style=\"font-size: medium;\"><b>Benefits<\/b><\/span><\/span><\/span><\/p>\n<ul>\n<li><span style=\"color: #000000;\"><span style=\"font-family: Calibri, sans-serif;\"><span style=\"font-size: medium;\">Ultra versatile styling, calms curls, tames frizz, adds body and hold while maintaining flexibility. Anti oxidizing and strengthening and improves moisture retention and gives brilliant shine. <\/span><\/span><\/span><\/li>\n<li><span style=\"color: #000000;\"><span style=\"font-family: Calibri, sans-serif;\"><span style=\"font-size: medium;\">Excellent for straightening, scrunching, blowouts, and curling.<\/span><\/span><\/span><\/li>\n<\/ul>\n<p><span style=\"color: #808080;\"><span style=\"font-family: Calibri, sans-serif;\"><span style=\"font-size: medium;\"><b>Ingredient Highlights<\/b><\/span><\/span><\/span><\/p>\n<ul>\n<li><span style=\"color: #000000;\"><span style=\"font-family: Calibri, sans-serif;\"><span style=\"font-size: medium;\">Hydrolized vegetable protein strengthens hair.<\/span><\/span><\/span><\/li>\n<\/ul>\n<ul>\n<li><span style=\"color: #000000;\"><span style=\"font-family: Calibri, sans-serif;\"><span style=\"font-size: medium;\">Panthenol <\/span><\/span><\/span><span style=\"color: #000000;\"><span style=\"font-family: Calibri, sans-serif;\"><span style=\"font-size: medium;\">\u00a0is a <\/span><\/span><\/span><span style=\"color: #000000;\"><span style=\"font-family: Calibri, sans-serif;\"><span style=\"font-size: medium;\">Natural humectant, helps balance moisture content in hair, improves suppleness, emollient, strengthening agent.<\/span><\/span><\/span><\/li>\n<li><span style=\"font-family: Calibri, sans-serif;\"><span style=\"font-size: medium;\">Paraben free<\/span><\/span><\/li>\n<\/ul>\n<p><span style=\"color: #808080;\"><span style=\"font-family: Calibri, sans-serif;\"><span style=\"font-size: medium;\"><b>Usage<\/b><\/span><\/span><\/span><\/p>\n<ul>\n<li><span style=\"font-family: Calibri, sans-serif;\"><span style=\"font-size: medium;\">Distribute evenly through towel dried hair. Style as desired.<\/span><\/span><\/li>\n<\/ul>\n<p data-mce-fragment=\"1\">RCKSTR styling balm is ultra versatile. Calm curls and tame frizzies easily. Adds body and hold while maintaining flexibility. Anti-oxidizing and strengthening, styling balm improves moisture retention and brilliant shine. Excellent for straightening, scrunching, blowouts, and curling! City nights, blinding lights!<\/p>\n<p data-mce-fragment=\"1\">Directions: Distribute evenly through towel dried hair, style as desired.<\/p>\n<p data-mce-fragment=\"1\">Le baume coiffant RCKSTR est ultra polyvalent. Att\u00e9nue les boucles et ma\u00eetrise facilement les frisottis. Ajoute du corps et de la tenue tout en maintenant la souplesse. Antioxydant et fortifiant, le baume coiffant am\u00e9liore la r\u00e9tention d\u2019humidit\u00e9 et la\u00a0 rillance. Excellent pour lisser, chiffoner, s\u00e9cher et friser! De nuits en ville, des lumi\u00e8res \u00e9clatantes!<\/p>\n<p data-mce-fragment=\"1\">Mode d\u2019emploi: R\u00e9partissez uniform\u00e9ment sur les cheveux s\u00e9ch\u00e9s \u00e0 la serviette et coiffez comme vous le souhaitez.<\/p>\n<p data-mce-fragment=\"1\">El b\u00e1lsamo de estilo RCKSTR es ultra vers\u00e1til. Aplaca los rulos y domina la est\u00e1tica f\u00e1cilmente. Aporta cuerpo y fija a la vez que da flexibilidad. Antioxidante y fortalecedor, el b\u00e1lsamo para peinar mejora la retenci\u00f3n de la humectaci\u00f3n y el brillo.Excelente para alisar, estrujar, secar y hacer rulos. \u00a1Noches en la ciudad, luces para deslumbrar!<\/p>\n<p data-mce-fragment=\"1\">Instrucciones: Distribuye en forma uniforme por el cabello secado con toalla y p\u00e9inalo como deseas.<\/p>\n<p data-mce-fragment=\"1\">Ingredients\/Ingr\u00e9dients: Aqua, Acrylates\/Methacylamide Copolymer, VP\/VA Copolymer, PEG-40 Hydrogenated Castor Oil, Acrylates\/t-Butylacrylamide Copolymer, Coco-caprylate, Phenylpropanol, Propanediol, Caprylyl Glycol, Tocopherol, Hydrolyzed Vegetable Protein, Panthenol, Disodium EDTA, Citrus Aurantium Dulcis (Orange) Peel Oil<\/p>\n<p data-mce-fragment=\"1\">PARABEN FREE | SANS PARABENE | LIBRE DE PARABENOS<\/p>\n<p data-mce-fragment=\"1\">PROFESSIONAL PRODUCT<\/p>\n","protected":false},"excerpt":{"rendered":"<div class=\"flex flex-grow flex-col gap-3\">\n<div class=\"min-h-[20px] flex flex-col items-start gap-4 whitespace-pre-wrap\">\n<div class=\"markdown prose w-full break-words dark:prose-invert light\">\n<p>RCKSTR Styling Balm is a versatile styling gel that will leave your hair looking fabulous in any style. Whether you want to calm curls, tame frizz, add body, or hold your hair in place, this balm has you covered. It is ultra-versatile and can be used for straightening, scrunching, blowouts, and curling.<\/p>\n<p>This styling balm is not just effective, it&#8217;s also good for your hair. It contains hydrolized vegetable protein that strengthens hair, and panthenol which helps balance moisture content and improve suppleness. It is also paraben-free, making it a safe and healthy choice for your hair.<\/p>\n<p>RCKSTR Styling Balm will help you achieve the style you want while maintaining your hair&#8217;s flexibility and brilliance. The anti-oxidizing properties and the improvement in moisture retention will leave your hair looking healthy, shiny, and full of life. To use, simply distribute the balm evenly through your towel-dried hair, and style as desired. Whether you want to create the perfect blowout or enhance your natural curls, this styling balm has you covered.<\/p>\n<\/div>\n<\/div>\n<\/div>\n","protected":false},"featured_media":417,"comment_status":"open","ping_status":"closed","template":"","meta":[],"product_brand":[],"product_cat":[30],"product_tag":[],"class_list":{"0":"post-365","1":"product","2":"type-product","3":"status-publish","4":"has-post-thumbnail","6":"product_cat-hair-styling","8":"first","9":"instock","10":"taxable","11":"shipping-taxable","12":"purchasable","13":"product-type-simple"},"_links":{"self":[{"href":"https:\/\/rckstr.ca\/index.php\/wp-json\/wp\/v2\/product\/365","targetHints":{"allow":["GET"]}}],"collection":[{"href":"https:\/\/rckstr.ca\/index.php\/wp-json\/wp\/v2\/product"}],"about":[{"href":"https:\/\/rckstr.ca\/index.php\/wp-json\/wp\/v2\/types\/product"}],"replies":[{"embeddable":true,"href":"https:\/\/rckstr.ca\/index.php\/wp-json\/wp\/v2\/comments?post=365"}],"wp:featuredmedia":[{"embeddable":true,"href":"https:\/\/rckstr.ca\/index.php\/wp-json\/wp\/v2\/media\/417"}],"wp:attachment":[{"href":"https:\/\/rckstr.ca\/index.php\/wp-json\/wp\/v2\/media?parent=365"}],"wp:term":[{"taxonomy":"product_brand","embeddable":true,"href":"https:\/\/rckstr.ca\/index.php\/wp-json\/wp\/v2\/product_brand?post=365"},{"taxonomy":"product_cat","embeddable":true,"href":"https:\/\/rckstr.ca\/index.php\/wp-json\/wp\/v2\/product_cat?post=365"},{"taxonomy":"product_tag","embeddable":true,"href":"https:\/\/rckstr.ca\/index.php\/wp-json\/wp\/v2\/product_tag?post=365"}],"curies":[{"name":"wp","href":"https:\/\/api.w.org\/{rel}","templated":true}]}}