{"id":363,"date":"2025-10-27T20:16:04","date_gmt":"2025-10-27T20:16:04","guid":{"rendered":"https:\/\/rckstr.ca\/?post_type=product&#038;p=363"},"modified":"2026-03-21T19:33:44","modified_gmt":"2026-03-21T19:33:44","slug":"rckstr-moisturizing-shampoo","status":"publish","type":"product","link":"https:\/\/rckstr.ca\/index.php\/product\/rckstr-moisturizing-shampoo\/","title":{"rendered":"RCKSTR Moisturizing Shampoo"},"content":{"rendered":"<p><span style=\"color: #808080;\"><span style=\"font-family: Calibri, sans-serif;\"><span style=\"font-size: medium;\"><b>Benefits<\/b><\/span><\/span><\/span><\/p>\n<ul>\n<li><span style=\"font-family: Calibri, sans-serif;\">Gentle on hair and skin.<\/span><\/li>\n<li><span style=\"font-family: Calibri, sans-serif;\">Gently cleanses hair while removing excess oil to reduce tangles and frizz <\/span><\/li>\n<li><span style=\"font-family: Calibri, sans-serif;\">Will not strip the moisture from hair the way harsh sulfates do. <\/span><\/li>\n<li><span style=\"font-family: Calibri, sans-serif;\">Rich, and velvety lather that does not dehydrate.<\/span><\/li>\n<li><span style=\"font-family: Calibri, sans-serif;\">Helps improve hair manageability, shine and volume. <\/span><\/li>\n<li><span style=\"font-family: Calibri, sans-serif;\">Strengthening, detangling, shine-enhancing and smoothing properties. <\/span><\/li>\n<li><span style=\"font-family: Calibri, sans-serif;\">Strengthen hair structure<\/span><\/li>\n<li><span style=\"font-family: Calibri, sans-serif;\">Improve elasticity, soften and add shine<\/span><\/li>\n<li><span style=\"font-family: Calibri, sans-serif;\">Ultraviolet Shampoo helps tone down unwanted yellow tones.<\/span><\/li>\n<\/ul>\n<p><span style=\"color: #808080;\"><span style=\"font-family: Calibri, sans-serif;\"><span style=\"font-size: medium;\"><b>Ingredient Highlights<\/b><\/span><\/span><\/span><\/p>\n<ul>\n<li><span style=\"font-family: Calibri, sans-serif;\">Coconut derived surfactants are gentle and biodegradable.<\/span><\/li>\n<li><span style=\"font-family: Calibri, sans-serif;\">Rice protein contains many vitamins, minerals, antioxidants, and amino acids and helps improve hair manageability, shine and volume.<\/span><\/li>\n<li><span style=\"font-family: Calibri, sans-serif;\">Hempseed Oil is frizz-fighting &amp; hydrating qualities. Cannabis Sativa Seed Oil is rich in fatty acids including omega-3 and omega-6.<\/span><\/li>\n<li><span style=\"font-family: Calibri, sans-serif;\">Argan Oil helps hair that lacks an adequate amount of omega-3 fatty acids and Vitamins A and E is usually dull, dry, brittle, and prone to breakage. Omega-3 helps keep your scalp and locks hydrated. Vitamin A is needed for sebum production (natural oil in hair and skin that acts as a conditioner), while Vitamin E helps protect against environmental damage.<\/span><\/li>\n<li><span style=\"font-family: Calibri, sans-serif;\">Paraben and Sulfate free. Little to no irritation.<\/span><\/li>\n<\/ul>\n<p><span style=\"color: #808080;\"><span style=\"font-family: Calibri, sans-serif;\"><span style=\"font-size: medium;\"><b>Usage<\/b><\/span><\/span><\/span><\/p>\n<p><span style=\"color: #000000;\"><span style=\"font-family: Calibri, sans-serif;\"><span style=\"font-size: medium;\">Apply to wet hair thoroughly. Emulsify and massage through hair and scalp.<\/span><\/span><\/span><\/p>\n<p>Shampooing hydratant. Sans sulfate ni parab\u00e8ne, ce shampooing antioxydant renforce, fortifie, nourrit et prot\u00e8ge l\u2019\u00e9lasticit\u00e9 des cheveux. Il am\u00e9liore l\u2019hydratation et la brillance. Riche en acides amin\u00e9s qui aident \u00e0 pr\u00e9venir les dommages. Exfolie le cuir chevelu et maintient les cheveux en bonne sant\u00e9. Propre et pr\u00eat \u00e0 passer \u00e0 l\u2019action! Mode d\u2019emploi: Appliquez sur les cheveux mouill\u00e9s. \u00c9mulsionnez et massez les cheveux et le cuir chevelu. Rincez \u00e0 fond. Champ\u00fa humectante. Sin sulfatos ni parabenos, este champ\u00fa antioxidante potencia, fortifica, nutre y protege la elasticidad del cabello. Aumenta la humectaci\u00f3n y el brillo. Rico en amino\u00e1cidos que ayudan a prevenir el da\u00f1o. Exfolia el cuero cabelludo y mantiene el cabello sano. \u00a1Limpio y listo para brillar!<\/p>\n<p>Instrucciones: Aplica bien en el cabello h\u00famedo. Emulsiona y masajea por el cabello y el cuero cabelludo. Enjuaga completamente.<\/p>\n<p>Ingredients: Aqua, Disodium Laureth Sulfosuccinate, Sodium cocoyl Isethionate, Glycerin, Lauryl Glucoside, Stearyl Citrate, Hydrogenated Coco-Glycerate, Phenylpropanol, Propanediol, Caprylyl Glycol, Tocopherol, Polysorbate 20, Creatine, Hydrolyzed Rice Protein, Salicylic Acid, Cannabis Sativa Seed Oil, Argania Spinosa Kernel Oil, Cyamopsis Tetragonoloba (Guar) Gum, Citrus Aurantium Dulcis (Orange) Peel Oil<\/p>\n<p>PARABEN FREE | SANS PARABENE | LIBRE DE PARABENOS<\/p>\n<p>PROFESSIONAL PRODUCT<\/p>\n<p>&nbsp;<\/p>\n<p>&nbsp;<\/p>\n","protected":false},"excerpt":{"rendered":"<p>RCKSTR Moisturizing Shampoo. Gentle on hair and skin. Gently cleanses hair while removing excess oil to reduce tangles and frizz. Will not strip the moisture from hair the way harsh sulfates do.<\/p>\n","protected":false},"featured_media":398,"comment_status":"open","ping_status":"closed","template":"","meta":[],"product_brand":[],"product_cat":[20],"product_tag":[26],"class_list":{"0":"post-363","1":"product","2":"type-product","3":"status-publish","4":"has-post-thumbnail","6":"product_cat-shampoo","7":"product_tag-shampoo","9":"first","10":"instock","11":"taxable","12":"shipping-taxable","13":"purchasable","14":"product-type-simple"},"_links":{"self":[{"href":"https:\/\/rckstr.ca\/index.php\/wp-json\/wp\/v2\/product\/363","targetHints":{"allow":["GET"]}}],"collection":[{"href":"https:\/\/rckstr.ca\/index.php\/wp-json\/wp\/v2\/product"}],"about":[{"href":"https:\/\/rckstr.ca\/index.php\/wp-json\/wp\/v2\/types\/product"}],"replies":[{"embeddable":true,"href":"https:\/\/rckstr.ca\/index.php\/wp-json\/wp\/v2\/comments?post=363"}],"wp:featuredmedia":[{"embeddable":true,"href":"https:\/\/rckstr.ca\/index.php\/wp-json\/wp\/v2\/media\/398"}],"wp:attachment":[{"href":"https:\/\/rckstr.ca\/index.php\/wp-json\/wp\/v2\/media?parent=363"}],"wp:term":[{"taxonomy":"product_brand","embeddable":true,"href":"https:\/\/rckstr.ca\/index.php\/wp-json\/wp\/v2\/product_brand?post=363"},{"taxonomy":"product_cat","embeddable":true,"href":"https:\/\/rckstr.ca\/index.php\/wp-json\/wp\/v2\/product_cat?post=363"},{"taxonomy":"product_tag","embeddable":true,"href":"https:\/\/rckstr.ca\/index.php\/wp-json\/wp\/v2\/product_tag?post=363"}],"curies":[{"name":"wp","href":"https:\/\/api.w.org\/{rel}","templated":true}]}}